{"id":591,"date":"2014-08-22T12:11:01","date_gmt":"2014-08-22T12:11:01","guid":{"rendered":"http:\/\/www.fundatiacarpati.ro\/fc\/?page_id=591"},"modified":"2015-12-10T18:32:47","modified_gmt":"2015-12-10T18:32:47","slug":"poza-front-4","status":"publish","type":"page","link":"https:\/\/www.fundatiacarpati.ro\/?page_id=591","title":{"rendered":"Poza front 4"},"content":{"rendered":"<p><p data-effect=\"fadeInUp\" class=\"quote rnr-animate animated\"><i class=\"fa fa-quote-left\"><\/i>NATURA NU ESTE F\u0102CUT\u0102 PENTRU A FI SCHIMBAT\u0102<i class=\"fa fa-quote-right\"><\/i><\/p><div data-effect=\"fadeInUp\" class=\"quote-author rnr-animate animated\">&#151; Jerome Klapka Jerome &#151;<\/div><\/p>","protected":false},"excerpt":{"rendered":"","protected":false},"author":4,"featured_media":603,"parent":0,"menu_order":0,"comment_status":"open","ping_status":"open","template":"","meta":{"_links_to":"","_links_to_target":""},"_links":{"self":[{"href":"https:\/\/www.fundatiacarpati.ro\/index.php?rest_route=\/wp\/v2\/pages\/591"}],"collection":[{"href":"https:\/\/www.fundatiacarpati.ro\/index.php?rest_route=\/wp\/v2\/pages"}],"about":[{"href":"https:\/\/www.fundatiacarpati.ro\/index.php?rest_route=\/wp\/v2\/types\/page"}],"author":[{"embeddable":true,"href":"https:\/\/www.fundatiacarpati.ro\/index.php?rest_route=\/wp\/v2\/users\/4"}],"replies":[{"embeddable":true,"href":"https:\/\/www.fundatiacarpati.ro\/index.php?rest_route=%2Fwp%2Fv2%2Fcomments&post=591"}],"version-history":[{"count":8,"href":"https:\/\/www.fundatiacarpati.ro\/index.php?rest_route=\/wp\/v2\/pages\/591\/revisions"}],"predecessor-version":[{"id":1062,"href":"https:\/\/www.fundatiacarpati.ro\/index.php?rest_route=\/wp\/v2\/pages\/591\/revisions\/1062"}],"wp:featuredmedia":[{"embeddable":true,"href":"https:\/\/www.fundatiacarpati.ro\/index.php?rest_route=\/wp\/v2\/media\/603"}],"wp:attachment":[{"href":"https:\/\/www.fundatiacarpati.ro\/index.php?rest_route=%2Fwp%2Fv2%2Fmedia&parent=591"}],"curies":[{"name":"wp","href":"https:\/\/api.w.org\/{rel}","templated":true}]}}