{"id":581,"date":"2014-08-22T11:50:57","date_gmt":"2014-08-22T11:50:57","guid":{"rendered":"http:\/\/www.fundatiacarpati.ro\/fc\/?page_id=581"},"modified":"2015-11-26T15:10:34","modified_gmt":"2015-11-26T15:10:34","slug":"poza-front-2","status":"publish","type":"page","link":"https:\/\/www.fundatiacarpati.ro\/?page_id=581","title":{"rendered":"Poza front 2"},"content":{"rendered":"<p><p data-effect=\"fadeInUp\" class=\"quote rnr-animate animated\"><i class=\"fa fa-quote-left\"><\/i>Omul poate st\u0103p\u00e2ni natura at\u00e2ta timp c\u00e2t \u021bine seama de legile ei<i class=\"fa fa-quote-right\"><\/i><\/p><div data-effect=\"fadeInUp\" class=\"quote-author rnr-animate animated\">&#151; Grigore Antipa &#151;<\/div><\/p>","protected":false},"excerpt":{"rendered":"","protected":false},"author":4,"featured_media":583,"parent":0,"menu_order":0,"comment_status":"open","ping_status":"open","template":"","meta":{"_links_to":"","_links_to_target":""},"_links":{"self":[{"href":"https:\/\/www.fundatiacarpati.ro\/index.php?rest_route=\/wp\/v2\/pages\/581"}],"collection":[{"href":"https:\/\/www.fundatiacarpati.ro\/index.php?rest_route=\/wp\/v2\/pages"}],"about":[{"href":"https:\/\/www.fundatiacarpati.ro\/index.php?rest_route=\/wp\/v2\/types\/page"}],"author":[{"embeddable":true,"href":"https:\/\/www.fundatiacarpati.ro\/index.php?rest_route=\/wp\/v2\/users\/4"}],"replies":[{"embeddable":true,"href":"https:\/\/www.fundatiacarpati.ro\/index.php?rest_route=%2Fwp%2Fv2%2Fcomments&post=581"}],"version-history":[{"count":10,"href":"https:\/\/www.fundatiacarpati.ro\/index.php?rest_route=\/wp\/v2\/pages\/581\/revisions"}],"predecessor-version":[{"id":1002,"href":"https:\/\/www.fundatiacarpati.ro\/index.php?rest_route=\/wp\/v2\/pages\/581\/revisions\/1002"}],"wp:featuredmedia":[{"embeddable":true,"href":"https:\/\/www.fundatiacarpati.ro\/index.php?rest_route=\/wp\/v2\/media\/583"}],"wp:attachment":[{"href":"https:\/\/www.fundatiacarpati.ro\/index.php?rest_route=%2Fwp%2Fv2%2Fmedia&parent=581"}],"curies":[{"name":"wp","href":"https:\/\/api.w.org\/{rel}","templated":true}]}}